{"id":12193,"date":"2020-09-27T17:21:27","date_gmt":"2020-09-27T15:21:27","guid":{"rendered":"https:\/\/www.thelightcouture.com\/?post_type=product&#038;p=12193"},"modified":"2020-09-27T17:27:42","modified_gmt":"2020-09-27T15:27:42","slug":"bell-kristall","status":"publish","type":"product","link":"https:\/\/www.thelightcouture.com\/en\/collections\/crystal-glam\/bell-kristall\/","title":{"rendered":"Bell Kristall"},"content":{"rendered":"<p>&#8220;Bell Kristall Design&#8221; ist ein luxuri\u00f6ses Design und eine grosse Handwerkskunst. Den Schirme dieser modernen Leuchte sind in verschiedenen Farbl\u00f6sungen erh\u00e4ltlich. Die Kristall Kugeln aus feinen Ashfour Kristall oder auch auf Wunsch Swarovski Elements Kristallen.Diese Modell gibt es mit Durchmesser 80 cund 100 cm .<\/p>\n","protected":false},"excerpt":{"rendered":"<p>&#8220;Bell Kristall Design&#8221; ist ein luxuri\u00f6ses Design und eine grosse Handwerkskunst. Den Schirme dieser modernen Leuchte sind in verschiedenen Farbl\u00f6sungen erh\u00e4ltlich. Die Kristall Kugeln aus feinen Ashfour Kristall oder auch auf Wunsch Swarovski Elements Kristallen.Diese Modell gibt es mit Durchmesser 80 cund 100 cm .<\/p>\n","protected":false},"featured_media":12196,"template":"","meta":[],"product_brand":[],"product_cat":[254],"product_tag":[],"class_list":{"0":"post-12193","1":"product","2":"type-product","3":"status-publish","4":"has-post-thumbnail","6":"product_cat-crystal-glam","8":"first","9":"instock","10":"taxable","11":"shipping-taxable","12":"purchasable","13":"product-type-simple"},"_links":{"self":[{"href":"https:\/\/www.thelightcouture.com\/en\/wp-json\/wp\/v2\/product\/12193","targetHints":{"allow":["GET"]}}],"collection":[{"href":"https:\/\/www.thelightcouture.com\/en\/wp-json\/wp\/v2\/product"}],"about":[{"href":"https:\/\/www.thelightcouture.com\/en\/wp-json\/wp\/v2\/types\/product"}],"wp:featuredmedia":[{"embeddable":true,"href":"https:\/\/www.thelightcouture.com\/en\/wp-json\/wp\/v2\/media\/12196"}],"wp:attachment":[{"href":"https:\/\/www.thelightcouture.com\/en\/wp-json\/wp\/v2\/media?parent=12193"}],"wp:term":[{"taxonomy":"product_brand","embeddable":true,"href":"https:\/\/www.thelightcouture.com\/en\/wp-json\/wp\/v2\/product_brand?post=12193"},{"taxonomy":"product_cat","embeddable":true,"href":"https:\/\/www.thelightcouture.com\/en\/wp-json\/wp\/v2\/product_cat?post=12193"},{"taxonomy":"product_tag","embeddable":true,"href":"https:\/\/www.thelightcouture.com\/en\/wp-json\/wp\/v2\/product_tag?post=12193"}],"curies":[{"name":"wp","href":"https:\/\/api.w.org\/{rel}","templated":true}]}}