{"id":8752,"date":"2020-09-03T08:59:53","date_gmt":"2020-09-03T07:52:47","guid":{"rendered":"https:\/\/thelightcouture.in-solution.org\/produkt\/violante\/"},"modified":"2020-09-18T14:57:06","modified_gmt":"2020-09-18T12:57:06","slug":"violante","status":"publish","type":"product","link":"https:\/\/www.thelightcouture.com\/en\/brands\/zonca\/violante\/","title":{"rendered":"Violante"},"content":{"rendered":"<p>Our international partner designs light, translating forms and materials of the highest quality and flexibility into a contemporary language. This wonderful glass chandelier is available in different finishes, colors and you can also choose from different lampshades. We guarantee first-class quality and high-quality processing.F\u00fcr weitere Informationen z\u00f6gern Sie nicht uns zu kontaktieren. Wir freuen uns Ihnen bei Fragen oder W\u00fcnschen behilflich zu sein.<\/p>\n","protected":false},"excerpt":{"rendered":"<p>Our international partner designs light, translating forms and materials of the highest quality and flexibility into a contemporary language. This wonderful glass chandelier is available in different finishes, colors and you can also choose from different lampshades. We guarantee first-class quality and high-quality processing.F\u00fcr weitere Informationen z\u00f6gern Sie nicht uns zu kontaktieren. Wir freuen uns &hellip;<\/p>\n","protected":false},"featured_media":5382,"template":"","meta":[],"product_brand":[],"product_cat":[250],"product_tag":[],"class_list":{"0":"post-8752","1":"product","2":"type-product","3":"status-publish","4":"has-post-thumbnail","6":"product_cat-zonca","8":"first","9":"instock","10":"taxable","11":"shipping-taxable","12":"purchasable","13":"product-type-simple"},"_links":{"self":[{"href":"https:\/\/www.thelightcouture.com\/en\/wp-json\/wp\/v2\/product\/8752","targetHints":{"allow":["GET"]}}],"collection":[{"href":"https:\/\/www.thelightcouture.com\/en\/wp-json\/wp\/v2\/product"}],"about":[{"href":"https:\/\/www.thelightcouture.com\/en\/wp-json\/wp\/v2\/types\/product"}],"wp:featuredmedia":[{"embeddable":true,"href":"https:\/\/www.thelightcouture.com\/en\/wp-json\/wp\/v2\/media\/5382"}],"wp:attachment":[{"href":"https:\/\/www.thelightcouture.com\/en\/wp-json\/wp\/v2\/media?parent=8752"}],"wp:term":[{"taxonomy":"product_brand","embeddable":true,"href":"https:\/\/www.thelightcouture.com\/en\/wp-json\/wp\/v2\/product_brand?post=8752"},{"taxonomy":"product_cat","embeddable":true,"href":"https:\/\/www.thelightcouture.com\/en\/wp-json\/wp\/v2\/product_cat?post=8752"},{"taxonomy":"product_tag","embeddable":true,"href":"https:\/\/www.thelightcouture.com\/en\/wp-json\/wp\/v2\/product_tag?post=8752"}],"curies":[{"name":"wp","href":"https:\/\/api.w.org\/{rel}","templated":true}]}}